{"id":5,"date":"2024-09-12T21:40:10","date_gmt":"2024-09-12T21:40:10","guid":{"rendered":"https:\/\/www.shannanigansshenanigans.com\/?page_id=5"},"modified":"2024-11-19T14:30:51","modified_gmt":"2024-11-19T14:30:51","slug":"about","status":"publish","type":"page","link":"https:\/\/arcresourcecenter.com\/es\/about","title":{"rendered":"Acerca de"},"content":{"rendered":"<div class=\"wp-block-cover alignfull has-parallax\" style=\"margin-top:0;margin-bottom:0;min-height:194px;aspect-ratio:unset;\"><span aria-hidden=\"true\" class=\"wp-block-cover__background has-base-background-color has-background-dim-40 has-background-dim\"><\/span><div class=\"wp-block-cover__image-background wp-image-124 has-parallax\" style=\"background-position:50% 50%;background-image:url(https:\/\/www.arcresourcecenter.com\/wp-content\/uploads\/2024\/11\/Website-Photo-Options-5-scaled.jpeg)\"><\/div><div class=\"wp-block-cover__inner-container has-global-padding is-layout-constrained wp-block-cover-is-layout-constrained\">\n<p class=\"has-text-align-center has-x-large-font-size\"><strong><strong>Nuestra trayectoria, experiencia y valores<\/strong><\/strong><\/p>\n<\/div><\/div>\n\n\n\n<div class=\"wp-block-cover alignfull is-light\" style=\"margin-top:0;margin-bottom:0;min-height:960px;aspect-ratio:unset;\"><span aria-hidden=\"true\" class=\"wp-block-cover__background has-base-background-color has-background-dim-100 has-background-dim\"><\/span><div class=\"wp-block-cover__inner-container has-global-padding is-layout-constrained wp-block-cover-is-layout-constrained\">\n<div class=\"wp-block-group alignwide has-global-padding is-layout-constrained wp-block-group-is-layout-constrained\" style=\"margin-top:var(--wp--preset--spacing--30)\">\n<div class=\"wp-block-columns alignwide is-layout-flex wp-container-core-columns-is-layout-e308e9a5 wp-block-columns-is-layout-flex\" style=\"margin-top:0;margin-bottom:0;padding-top:0;padding-right:0;padding-bottom:var(--wp--preset--spacing--30);padding-left:0\">\n<div class=\"wp-block-column is-vertically-aligned-center is-layout-flow wp-block-column-is-layout-flow\" style=\"border-bottom-style:none;border-bottom-width:0px;border-left-style:none;border-left-width:0px;padding-top:0;padding-right:var(--wp--preset--spacing--30);padding-bottom:0;padding-left:var(--wp--preset--spacing--30);flex-basis:100%\">\n<h2 class=\"wp-block-heading has-text-align-center has-primary-color has-text-color has-link-color has-x-large-font-size wp-elements-1bfaf020f683582dbb5f543a37e76751\" style=\"text-transform:capitalize\"><strong>Nuestra historia<\/strong><\/h2>\n\n\n\n<p class=\"has-contrast-color has-text-color has-link-color wp-elements-633ecf23a0219744945429614a213ffa\">ARC se fund\u00f3 con la visi\u00f3n de ayudar y defender a los inmigrantes y refugiados, ayud\u00e1ndolos a superar las complejidades de vivir y trabajar legalmente y con \u00e9xito en los Estados Unidos. El poder de la unidad y la fuerza de la diversidad cambian vidas, y estamos comprometidos a ayudar a nuestros clientes a transitar sus caminos \u00fanicos.<\/p>\n\n\n\n<p class=\"has-contrast-color has-text-color has-link-color wp-elements-344c77a4290522c02fbf831c78b5f94e\">Nuestra inspiraci\u00f3n proviene de las historias de personas y familias que han superado desaf\u00edos para construir una nueva vida en los Estados Unidos. Nos impulsa la esperanza de ver a estas personas y familias encontrar la paz mediante la resoluci\u00f3n exitosa de cualquier problema complejo o dif\u00edcil. Nuestro objetivo es influir en las vidas de 100.000 personas en el Valle de San Joaqu\u00edn en los pr\u00f3ximos 10 a\u00f1os.<\/p>\n<\/div>\n\n\n\n<div class=\"wp-block-column is-vertically-aligned-center is-layout-flow wp-block-column-is-layout-flow\" style=\"border-bottom-style:none;border-bottom-width:0px;border-left-style:none;border-left-width:0px;padding-top:0;padding-right:var(--wp--preset--spacing--30);padding-bottom:0;padding-left:var(--wp--preset--spacing--30);flex-basis:100%\">\n<figure class=\"wp-block-image size-large is-style-rounded\"><img loading=\"lazy\" decoding=\"async\" width=\"1024\" height=\"683\" src=\"https:\/\/www.arcresourcecenter.com\/wp-content\/uploads\/2024\/11\/Website-Photo-Options-7-1024x683.jpeg\" alt=\"\" class=\"wp-image-126\" style=\"box-shadow:var(--wp--preset--shadow--natural);aspect-ratio:4\/3;object-fit:cover\" srcset=\"https:\/\/arcresourcecenter.com\/wp-content\/uploads\/2024\/11\/Website-Photo-Options-7-1024x683.jpeg 1024w, https:\/\/arcresourcecenter.com\/wp-content\/uploads\/2024\/11\/Website-Photo-Options-7-300x200.jpeg 300w, https:\/\/arcresourcecenter.com\/wp-content\/uploads\/2024\/11\/Website-Photo-Options-7-768x512.jpeg 768w, https:\/\/arcresourcecenter.com\/wp-content\/uploads\/2024\/11\/Website-Photo-Options-7-1536x1024.jpeg 1536w, https:\/\/arcresourcecenter.com\/wp-content\/uploads\/2024\/11\/Website-Photo-Options-7-2048x1365.jpeg 2048w\" sizes=\"auto, (max-width: 1024px) 100vw, 1024px\" \/><\/figure>\n<\/div>\n<\/div>\n\n\n\n<div class=\"wp-block-columns alignwide is-layout-flex wp-container-core-columns-is-layout-e308e9a5 wp-block-columns-is-layout-flex\" style=\"margin-top:0;margin-bottom:0;padding-top:0;padding-right:0;padding-bottom:var(--wp--preset--spacing--30);padding-left:0\">\n<div class=\"wp-block-column is-vertically-aligned-bottom is-layout-flow wp-block-column-is-layout-flow\" style=\"border-bottom-style:none;border-bottom-width:0px;border-left-style:none;border-left-width:0px;padding-top:0;padding-right:var(--wp--preset--spacing--30);padding-bottom:0;padding-left:var(--wp--preset--spacing--30);flex-basis:100%\">\n<figure class=\"wp-block-image size-large is-style-rounded\"><img loading=\"lazy\" decoding=\"async\" width=\"1024\" height=\"574\" src=\"https:\/\/www.arcresourcecenter.com\/wp-content\/uploads\/2024\/11\/Website-Photo-Options-6-1024x574.jpeg\" alt=\"\" class=\"wp-image-125\" style=\"box-shadow:var(--wp--preset--shadow--natural);aspect-ratio:4\/3;object-fit:cover\" srcset=\"https:\/\/arcresourcecenter.com\/wp-content\/uploads\/2024\/11\/Website-Photo-Options-6-1024x574.jpeg 1024w, https:\/\/arcresourcecenter.com\/wp-content\/uploads\/2024\/11\/Website-Photo-Options-6-300x168.jpeg 300w, https:\/\/arcresourcecenter.com\/wp-content\/uploads\/2024\/11\/Website-Photo-Options-6-768x430.jpeg 768w, https:\/\/arcresourcecenter.com\/wp-content\/uploads\/2024\/11\/Website-Photo-Options-6-1536x861.jpeg 1536w, https:\/\/arcresourcecenter.com\/wp-content\/uploads\/2024\/11\/Website-Photo-Options-6-2048x1148.jpeg 2048w\" sizes=\"auto, (max-width: 1024px) 100vw, 1024px\" \/><\/figure>\n<\/div>\n\n\n\n<div class=\"wp-block-column is-vertically-aligned-center is-layout-flow wp-block-column-is-layout-flow\" style=\"border-bottom-style:none;border-bottom-width:0px;border-left-style:none;border-left-width:0px;padding-top:0;padding-right:var(--wp--preset--spacing--30);padding-bottom:0;padding-left:var(--wp--preset--spacing--30);flex-basis:100%\">\n<h2 class=\"wp-block-heading has-text-align-center has-tertiary-color has-text-color has-link-color has-x-large-font-size wp-elements-abfb9c4eef991eaebd208500c5bfaba9\" style=\"text-transform:capitalize\"><strong>Nuestra experiencia<\/strong><\/h2>\n\n\n\n<p class=\"has-contrast-color has-text-color has-link-color wp-elements-056d9e7819da60977ab9ef7a3172084d\">Nuestro equipo re\u00fane m\u00e1s de 60 a\u00f1os de experiencia profesional combinada en \u00e1reas como liderazgo empresarial y sin fines de lucro, ayuda intercultural, inmigraci\u00f3n y visas, asistencia para la colocaci\u00f3n laboral, asistencia legal, bienes ra\u00edces, traducci\u00f3n y preparaci\u00f3n de documentos, notario p\u00fablico, educaci\u00f3n, servicios sociales, puesta en marcha de empresas y m\u00e1s.<\/p>\n\n\n\n<p class=\"has-contrast-color has-text-color has-link-color wp-elements-8b2b236d28bfe523efc3fa931556e542\">Aprovechamos esta gran experiencia para brindar una amplia gama de servicios dise\u00f1ados para ayudar a las personas necesitadas a superar los desaf\u00edos sociales. Ya sea que se trate de navegar por los procesos administrativos, encontrar empleo, acceder a los servicios sociales o cualquier otra cosa... estamos aqu\u00ed para ayudar.<\/p>\n<\/div>\n<\/div>\n<\/div>\n<\/div><\/div>\n\n\n\n<div class=\"wp-block-group is-content-justification-center is-nowrap is-layout-flex wp-container-core-group-is-layout-23441af8 wp-block-group-is-layout-flex\">\n<figure class=\"wp-block-image size-full is-resized\"><img loading=\"lazy\" decoding=\"async\" width=\"96\" height=\"96\" src=\"https:\/\/www.arcresourcecenter.com\/wp-content\/uploads\/2024\/11\/image-4.png\" alt=\"\" class=\"wp-image-167\" style=\"width:70px\"\/><\/figure>\n\n\n\n<h2 class=\"wp-block-heading has-text-align-center has-primary-color has-text-color has-link-color has-x-large-font-size wp-elements-548478105347b42bd21d90b30218e35f\" style=\"text-transform:capitalize\"><strong>Nuestros valores<\/strong><\/h2>\n<\/div>\n\n\n\n<div class=\"wp-block-cover alignfull is-light has-custom-content-position is-position-top-center\" style=\"margin-top:0;margin-bottom:0;min-height:372px;aspect-ratio:unset;\"><span aria-hidden=\"true\" class=\"wp-block-cover__background has-base-background-color has-background-dim-100 has-background-dim\"><\/span><div class=\"wp-block-cover__inner-container has-global-padding is-layout-constrained wp-block-cover-is-layout-constrained\">\n<div class=\"wp-block-group alignwide has-global-padding is-layout-constrained wp-block-group-is-layout-constrained\" style=\"margin-top:var(--wp--preset--spacing--30)\">\n<div class=\"wp-block-columns alignwide is-layout-flex wp-container-core-columns-is-layout-73e09c0f wp-block-columns-is-layout-flex\" style=\"margin-top:0;margin-bottom:0;padding-top:0;padding-right:0;padding-bottom:0;padding-left:0\">\n<div class=\"wp-block-column is-layout-flow wp-block-column-is-layout-flow\" style=\"border-bottom-style:none;border-bottom-width:0px;border-left-style:none;border-left-width:0px;padding-top:0;padding-right:var(--wp--preset--spacing--30);padding-bottom:0;padding-left:var(--wp--preset--spacing--30);flex-basis:100%\">\n<p class=\"has-contrast-color has-text-color has-link-color wp-elements-48ac21ce74458a91f369f9bae4c2a95a\">En ARC, creemos que trabajar juntos para superar los desaf\u00edos es una fortaleza extraordinaria. Estamos comprometidos a brindar recursos, apoyo y un servicio sencillo para quienes dependen de nuestro apoyo para prosperar. Ver a personas y familias encontrar la paz a medida que superan sus obst\u00e1culos es lo que nos inspira.<\/p>\n\n\n\n<p class=\"has-contrast-color has-text-color has-link-color wp-elements-654ddac613092a343478022b6dc3fff7\">Tambi\u00e9n creemos en la transparencia y la rendici\u00f3n de cuentas. Como organizaci\u00f3n sin fines de lucro registrada y exenta de impuestos en el estado de California, nos comprometemos a operar con integridad y transparencia. Estamos orgullosos de ser miembros con el Sello de Transparencia de Plata de Candid, lo que refleja nuestro compromiso con estos valores. Comun\u00edquese con nosotros para obtener informaci\u00f3n sobre c\u00f3mo participar o apoyar econ\u00f3micamente la misi\u00f3n de ARC. <\/p>\n<\/div>\n<\/div>\n<\/div>\n<\/div><\/div>\n\n\n\n<div class=\"wp-block-cover alignfull\" style=\"margin-top:0;margin-bottom:0\"><span aria-hidden=\"true\" class=\"wp-block-cover__background has-base-background-color has-background-dim\"><\/span><img loading=\"lazy\" decoding=\"async\" width=\"2560\" height=\"1280\" class=\"wp-block-cover__image-background wp-image-123\" alt=\"\" src=\"https:\/\/www.arcresourcecenter.com\/wp-content\/uploads\/2024\/11\/Website-Photo-Options-4-scaled.jpeg\" data-object-fit=\"cover\" srcset=\"https:\/\/arcresourcecenter.com\/wp-content\/uploads\/2024\/11\/Website-Photo-Options-4-scaled.jpeg 2560w, https:\/\/arcresourcecenter.com\/wp-content\/uploads\/2024\/11\/Website-Photo-Options-4-300x150.jpeg 300w, https:\/\/arcresourcecenter.com\/wp-content\/uploads\/2024\/11\/Website-Photo-Options-4-1024x512.jpeg 1024w, https:\/\/arcresourcecenter.com\/wp-content\/uploads\/2024\/11\/Website-Photo-Options-4-768x384.jpeg 768w, https:\/\/arcresourcecenter.com\/wp-content\/uploads\/2024\/11\/Website-Photo-Options-4-1536x768.jpeg 1536w, https:\/\/arcresourcecenter.com\/wp-content\/uploads\/2024\/11\/Website-Photo-Options-4-2048x1024.jpeg 2048w\" sizes=\"auto, (max-width: 2560px) 100vw, 2560px\" \/><div class=\"wp-block-cover__inner-container has-global-padding is-layout-constrained wp-block-cover-is-layout-constrained\">\n<div class=\"wp-block-group alignwide has-global-padding is-layout-constrained wp-block-group-is-layout-constrained\" style=\"margin-top:var(--wp--preset--spacing--30)\">\n<div class=\"wp-block-columns alignwide is-layout-flex wp-container-core-columns-is-layout-e308e9a5 wp-block-columns-is-layout-flex\" style=\"margin-top:0;margin-bottom:0;padding-top:0;padding-right:0;padding-bottom:var(--wp--preset--spacing--30);padding-left:0\">\n<div class=\"wp-block-column is-layout-flow wp-block-column-is-layout-flow\" style=\"border-bottom-color:var(--wp--preset--color--tertiary);border-bottom-width:2px;border-left-style:none;border-left-width:0px;padding-top:0;padding-right:var(--wp--preset--spacing--30);padding-bottom:0;padding-left:var(--wp--preset--spacing--30);flex-basis:100%\">\n<h2 class=\"wp-block-heading has-text-align-center has-tertiary-color has-text-color has-link-color has-x-large-font-size wp-elements-5b891f73031d9787b0a507d5315f4712\" style=\"text-transform:capitalize\"><strong>Descubra c\u00f3mo ARC puede ayudarle<\/strong><\/h2>\n\n\n\n<p><\/p>\n<\/div>\n<\/div>\n\n\n\n<div class=\"wp-block-columns alignwide is-layout-flex wp-container-core-columns-is-layout-73e09c0f wp-block-columns-is-layout-flex\" style=\"margin-top:0;margin-bottom:0;padding-top:0;padding-right:0;padding-bottom:0;padding-left:0\">\n<div class=\"wp-block-column is-layout-flow wp-block-column-is-layout-flow\" style=\"border-bottom-style:none;border-bottom-width:0px;border-left-style:none;border-left-width:0px;padding-top:0;padding-right:var(--wp--preset--spacing--30);padding-bottom:0;padding-left:var(--wp--preset--spacing--30);flex-basis:100%\"><style id=\"wpforms-css-vars-root\">\n\t\t\t\t:root {\n\t\t\t\t\t--wpforms-field-border-radius: 3px;\n--wpforms-field-border-style: solid;\n--wpforms-field-border-size: 1px;\n--wpforms-field-background-color: #ffffff;\n--wpforms-field-border-color: rgba( 0, 0, 0, 0.25 );\n--wpforms-field-border-color-spare: rgba( 0, 0, 0, 0.25 );\n--wpforms-field-text-color: rgba( 0, 0, 0, 0.7 );\n--wpforms-field-menu-color: #ffffff;\n--wpforms-label-color: rgba( 0, 0, 0, 0.85 );\n--wpforms-label-sublabel-color: rgba( 0, 0, 0, 0.55 );\n--wpforms-label-error-color: #d63637;\n--wpforms-button-border-radius: 3px;\n--wpforms-button-border-style: none;\n--wpforms-button-border-size: 1px;\n--wpforms-button-background-color: #066aab;\n--wpforms-button-border-color: #066aab;\n--wpforms-button-text-color: #ffffff;\n--wpforms-page-break-color: #066aab;\n--wpforms-background-image: none;\n--wpforms-background-position: center center;\n--wpforms-background-repeat: no-repeat;\n--wpforms-background-size: cover;\n--wpforms-background-width: 100px;\n--wpforms-background-height: 100px;\n--wpforms-background-color: rgba( 0, 0, 0, 0 );\n--wpforms-background-url: none;\n--wpforms-container-padding: 0px;\n--wpforms-container-border-style: none;\n--wpforms-container-border-width: 1px;\n--wpforms-container-border-color: #000000;\n--wpforms-container-border-radius: 3px;\n--wpforms-field-size-input-height: 43px;\n--wpforms-field-size-input-spacing: 15px;\n--wpforms-field-size-font-size: 16px;\n--wpforms-field-size-line-height: 19px;\n--wpforms-field-size-padding-h: 14px;\n--wpforms-field-size-checkbox-size: 16px;\n--wpforms-field-size-sublabel-spacing: 5px;\n--wpforms-field-size-icon-size: 1;\n--wpforms-label-size-font-size: 16px;\n--wpforms-label-size-line-height: 19px;\n--wpforms-label-size-sublabel-font-size: 14px;\n--wpforms-label-size-sublabel-line-height: 17px;\n--wpforms-button-size-font-size: 17px;\n--wpforms-button-size-height: 41px;\n--wpforms-button-size-padding-h: 15px;\n--wpforms-button-size-margin-top: 10px;\n--wpforms-container-shadow-size-box-shadow: none;\n\n\t\t\t\t}\n\t\t\t<\/style><style id=\"wpforms-css-vars-160-block-4fa022d0-ab01-4b2f-ad6e-a964e61fc812\">\n\t\t\t\t#wpforms-160.wpforms-block-4fa022d0-ab01-4b2f-ad6e-a964e61fc812 {\n\t\t\t\t\t--wpforms-label-color: #ffffff;\n--wpforms-label-sublabel-color: #b5d541;\n--wpforms-field-background-color: #ffffffd9;\n--wpforms-button-background-color: #b5d541;\n--wpforms-button-text-color: #272727;\n--wpforms-field-size-input-height: 31px;\n--wpforms-field-size-input-spacing: 10px;\n--wpforms-field-size-font-size: 14px;\n--wpforms-field-size-line-height: 17px;\n--wpforms-field-size-padding-h: 9px;\n--wpforms-field-size-checkbox-size: 14px;\n--wpforms-field-size-sublabel-spacing: 5px;\n--wpforms-field-size-icon-size: 0.75;\n--wpforms-label-size-font-size: 14px;\n--wpforms-label-size-line-height: 17px;\n--wpforms-label-size-sublabel-font-size: 13px;\n--wpforms-label-size-sublabel-line-height: 16px;\n--wpforms-button-size-font-size: 14px;\n--wpforms-button-size-height: 37px;\n--wpforms-button-size-padding-h: 15px;\n--wpforms-button-size-margin-top: 5px;\n\n\t\t\t\t}\n\t\t\t<\/style><div class=\"wpforms-container wpforms-container-full wpforms-block wpforms-block-4fa022d0-ab01-4b2f-ad6e-a964e61fc812 wpforms-render-modern\" id=\"wpforms-160\"><form id=\"wpforms-form-160\" class=\"wpforms-validate wpforms-form wpforms-ajax-form\" data-formid=\"160\" method=\"post\" enctype=\"multipart\/form-data\" action=\"\/es\/wp-json\/wp\/v2\/pages\/5\" data-token=\"8ec635232a2704da2e89cee02e22a0ac\" data-token-time=\"1776607227\" data-trp-original-action=\"\/es\/wp-json\/wp\/v2\/pages\/5\"><noscript class=\"wpforms-error-noscript\">Por favor, activa JavaScript en tu navegador para completar este formulario.<\/noscript><div class=\"wpforms-hidden\" id=\"wpforms-error-noscript\">Por favor, activa JavaScript en tu navegador para completar este formulario.<\/div><div class=\"wpforms-field-container\"><div id=\"wpforms-160-field_1-container\" class=\"wpforms-field wpforms-field-name\" data-field-id=\"1\"><fieldset><legend class=\"wpforms-field-label\">Nombre <span class=\"wpforms-required-label\" aria-hidden=\"true\">*<\/span><\/legend><div class=\"wpforms-field-row wpforms-field-medium\"><div class=\"wpforms-field-row-block wpforms-first wpforms-one-half\"><input type=\"text\" id=\"wpforms-160-field_1\" class=\"wpforms-field-name-first wpforms-field-required\" name=\"wpforms[fields][1][first]\" aria-errormessage=\"wpforms-160-field_1-error\" required><label for=\"wpforms-160-field_1\" class=\"wpforms-field-sublabel after\">Nombre<\/label><\/div><div class=\"wpforms-field-row-block wpforms-one-half\"><input type=\"text\" id=\"wpforms-160-field_1-last\" class=\"wpforms-field-name-last wpforms-field-required\" name=\"wpforms[fields][1][last]\" aria-errormessage=\"wpforms-160-field_1-last-error\" required><label for=\"wpforms-160-field_1-last\" class=\"wpforms-field-sublabel after\">Apellidos<\/label><\/div><\/div><\/fieldset><\/div><div id=\"wpforms-160-field_2-container\" class=\"wpforms-field wpforms-field-email\" data-field-id=\"2\"><label class=\"wpforms-field-label\" for=\"wpforms-160-field_2\">Correo electr\u00f3nico <span class=\"wpforms-required-label\" aria-hidden=\"true\">*<\/span><\/label><input type=\"email\" id=\"wpforms-160-field_2\" class=\"wpforms-field-medium wpforms-field-required\" name=\"wpforms[fields][2]\" spellcheck=\"false\" aria-errormessage=\"wpforms-160-field_2-error\" required><\/div><div id=\"wpforms-160-field_5-container\" class=\"wpforms-field wpforms-field-text\" data-field-id=\"5\"><label class=\"wpforms-field-label\" for=\"wpforms-160-field_5\">N\u00famero de tel\u00e9fono<\/label><input type=\"text\" id=\"wpforms-160-field_5\" class=\"wpforms-field-medium\" name=\"wpforms[fields][5]\" aria-errormessage=\"wpforms-160-field_5-error\" ><\/div><div id=\"wpforms-160-field_3-container\" class=\"wpforms-field wpforms-field-textarea\" data-field-id=\"3\"><label class=\"wpforms-field-label\" for=\"wpforms-160-field_3\">Comentario o mensaje<\/label><textarea id=\"wpforms-160-field_3\" class=\"wpforms-field-medium\" name=\"wpforms[fields][3]\" aria-errormessage=\"wpforms-160-field_3-error\" ><\/textarea><\/div><\/div><!-- .wpforms-field-container --><div class=\"wpforms-submit-container\" ><input type=\"hidden\" name=\"wpforms[id]\" value=\"160\"><input type=\"hidden\" name=\"page_title\" value=\"\"><input type=\"hidden\" name=\"page_url\" value=\"https:\/\/arcresourcecenter.com\/es\/wp-json\/wp\/v2\/pages\/5\"><button type=\"submit\" name=\"wpforms[submit]\" id=\"wpforms-submit-160\" class=\"wpforms-submit\" data-alt-text=\"Sending...\" data-submit-text=\"Submit\" aria-live=\"assertive\" value=\"wpforms-submit\">Entregar<\/button><img loading=\"lazy\" decoding=\"async\" src=\"https:\/\/arcresourcecenter.com\/wp-content\/plugins\/wpforms-lite\/assets\/images\/submit-spin.svg\" class=\"wpforms-submit-spinner\" style=\"display: none;\" width=\"26\" height=\"26\" alt=\"Cargando\"><\/div><input type=\"hidden\" name=\"trp-form-language\" value=\"es\"\/><\/form><\/div>  <!-- .wpforms-container --><\/div>\n<\/div>\n<\/div>\n<\/div><\/div>\n\n\n\n<p><\/p>","protected":false},"excerpt":{"rendered":"<p>Nuestros valores<\/p>","protected":false},"author":1,"featured_media":0,"parent":0,"menu_order":0,"comment_status":"closed","ping_status":"closed","template":"blank","meta":{"footnotes":""},"class_list":["post-5","page","type-page","status-publish","has-post-thumbnail","hentry"],"_links":{"self":[{"href":"https:\/\/arcresourcecenter.com\/es\/wp-json\/wp\/v2\/pages\/5","targetHints":{"allow":["GET"]}}],"collection":[{"href":"https:\/\/arcresourcecenter.com\/es\/wp-json\/wp\/v2\/pages"}],"about":[{"href":"https:\/\/arcresourcecenter.com\/es\/wp-json\/wp\/v2\/types\/page"}],"author":[{"embeddable":true,"href":"https:\/\/arcresourcecenter.com\/es\/wp-json\/wp\/v2\/users\/1"}],"replies":[{"embeddable":true,"href":"https:\/\/arcresourcecenter.com\/es\/wp-json\/wp\/v2\/comments?post=5"}],"version-history":[{"count":31,"href":"https:\/\/arcresourcecenter.com\/es\/wp-json\/wp\/v2\/pages\/5\/revisions"}],"predecessor-version":[{"id":297,"href":"https:\/\/arcresourcecenter.com\/es\/wp-json\/wp\/v2\/pages\/5\/revisions\/297"}],"wp:attachment":[{"href":"https:\/\/arcresourcecenter.com\/es\/wp-json\/wp\/v2\/media?parent=5"}],"curies":[{"name":"wp","href":"https:\/\/api.w.org\/{rel}","templated":true}]}}